{"id":46,"date":"2024-09-09T13:50:52","date_gmt":"2024-09-09T16:50:52","guid":{"rendered":"http:\/\/cubecloud.com.br\/iiesau\/?page_id=46"},"modified":"2025-03-24T09:41:26","modified_gmt":"2025-03-24T12:41:26","slug":"solucoes-corporativas","status":"publish","type":"page","link":"https:\/\/cubecloud.com.br\/iiesau\/solucoes-corporativas\/","title":{"rendered":"Solu\u00e7\u00f5es corporativas"},"content":{"rendered":"\n<p>O IIESAU oferece consultoria, assessoria, capacita\u00e7\u00e3o e forma\u00e7\u00e3o personalizada para hospitais, cl\u00ednicas, institui\u00e7\u00f5es e empresas da \u00e1rea da sa\u00fade, tanto p\u00fablicas quanto privadas.<\/p>\n\n\n\n<div style=\"height:30px\" aria-hidden=\"true\" class=\"wp-block-spacer\"><\/div>\n\n\n\n<div class=\"wp-block-columns are-vertically-aligned-center is-layout-flex wp-container-core-columns-is-layout-9d6595d7 wp-block-columns-is-layout-flex\">\n<div class=\"wp-block-column is-vertically-aligned-center is-layout-flow wp-block-column-is-layout-flow\" style=\"flex-basis:33.33%\"><div class=\"wp-block-image\">\n<figure class=\"aligncenter size-full\"><img loading=\"lazy\" decoding=\"async\" width=\"262\" height=\"262\" src=\"http:\/\/cubecloud.com.br\/iiesau\/wp-content\/uploads\/2024\/09\/icone-solucoescorporativas-desktop.png\" alt=\"\" class=\"wp-image-136\"\/><\/figure>\n<\/div><\/div>\n\n\n\n<div class=\"wp-block-column is-vertically-aligned-center is-layout-flow wp-block-column-is-layout-flow\" style=\"flex-basis:66.66%\">\n<p>Nosso objetivo \u00e9 qualificar continuamente profissionais das \u00e1reas assistenciais, administrativas e de gest\u00e3o, com cursos ministrados por especialistas reconhecidos no setor.<\/p>\n<\/div>\n<\/div>\n\n\n\n<div style=\"height:50px\" aria-hidden=\"true\" class=\"wp-block-spacer\"><\/div>\n\n\n\n<h2 class=\"wp-block-heading\">Modelo de atua\u00e7\u00e3o<\/h2>\n\n\n\n<p>Nossa equipe multidisciplinar tem experi\u00eancia em projetos educacionais que v\u00e3o al\u00e9m da qualifica\u00e7\u00e3o, desenvolvendo profissionais com pensamento cr\u00edtico, capacidade de resolu\u00e7\u00e3o de problemas e integra\u00e7\u00e3o com suas equipes e comunidades. Atuamos nas seguintes \u00e1reas:<\/p>\n\n\n\n<ul class=\"wp-block-list\">\n<li>Capacita\u00e7\u00e3o e desenvolvimento de colaboradores<\/li>\n\n\n\n<li>Lideran\u00e7a e gest\u00e3o na \u00e1rea da sa\u00fade<\/li>\n\n\n\n<li>Gest\u00e3o da qualidade e auditoria em servi\u00e7os de sa\u00fade<\/li>\n\n\n\n<li>Gest\u00e3o hospitalar e de servi\u00e7os de sa\u00fade<\/li>\n\n\n\n<li>Gest\u00e3o de risco, seguran\u00e7a e processos em sa\u00fade<\/li>\n\n\n\n<li>Gest\u00e3o financeira e de projetos em sa\u00fade<\/li>\n\n\n\n<li>Atendimento ao cliente em servi\u00e7os de sa\u00fade<\/li>\n\n\n\n<li>Consultoria educacional para estrutura\u00e7\u00e3o e aprimoramento de educa\u00e7\u00e3o corporativa<\/li>\n<\/ul>\n\n\n\n<div style=\"height:30px\" aria-hidden=\"true\" class=\"wp-block-spacer\"><\/div>\n\n\n\n<h2 class=\"wp-block-heading\">Parcerias atuais:<\/h2>\n","protected":false},"excerpt":{"rendered":"<p>O IIESAU oferece consultoria, assessoria, capacita\u00e7\u00e3o e forma\u00e7\u00e3o personalizada para hospitais, cl\u00ednicas, institui\u00e7\u00f5es e empresas da \u00e1rea da sa\u00fade, tanto p\u00fablicas quanto privadas. Nosso objetivo \u00e9 qualificar continuamente profissionais das \u00e1reas assistenciais, administrativas e de gest\u00e3o, com cursos ministrados por especialistas reconhecidos no setor. Modelo de atua\u00e7\u00e3o Nossa equipe multidisciplinar tem experi\u00eancia em projetos educacionais [&hellip;]<\/p>\n","protected":false},"author":1,"featured_media":130,"parent":0,"menu_order":0,"comment_status":"closed","ping_status":"closed","template":"","meta":{"_acf_changed":false,"footnotes":""},"class_list":["post-46","page","type-page","status-publish","has-post-thumbnail","hentry"],"acf":[],"_links":{"self":[{"href":"https:\/\/cubecloud.com.br\/iiesau\/wp-json\/wp\/v2\/pages\/46","targetHints":{"allow":["GET"]}}],"collection":[{"href":"https:\/\/cubecloud.com.br\/iiesau\/wp-json\/wp\/v2\/pages"}],"about":[{"href":"https:\/\/cubecloud.com.br\/iiesau\/wp-json\/wp\/v2\/types\/page"}],"author":[{"embeddable":true,"href":"https:\/\/cubecloud.com.br\/iiesau\/wp-json\/wp\/v2\/users\/1"}],"replies":[{"embeddable":true,"href":"https:\/\/cubecloud.com.br\/iiesau\/wp-json\/wp\/v2\/comments?post=46"}],"version-history":[{"count":17,"href":"https:\/\/cubecloud.com.br\/iiesau\/wp-json\/wp\/v2\/pages\/46\/revisions"}],"predecessor-version":[{"id":553,"href":"https:\/\/cubecloud.com.br\/iiesau\/wp-json\/wp\/v2\/pages\/46\/revisions\/553"}],"wp:featuredmedia":[{"embeddable":true,"href":"https:\/\/cubecloud.com.br\/iiesau\/wp-json\/wp\/v2\/media\/130"}],"wp:attachment":[{"href":"https:\/\/cubecloud.com.br\/iiesau\/wp-json\/wp\/v2\/media?parent=46"}],"curies":[{"name":"wp","href":"https:\/\/api.w.org\/{rel}","templated":true}]}}