{"id":37,"date":"2024-09-09T13:17:41","date_gmt":"2024-09-09T16:17:41","guid":{"rendered":"http:\/\/cubecloud.com.br\/iiesau\/?page_id=37"},"modified":"2025-03-24T09:31:40","modified_gmt":"2025-03-24T12:31:40","slug":"nossos-diferenciais","status":"publish","type":"page","link":"https:\/\/cubecloud.com.br\/iiesau\/nossos-diferenciais\/","title":{"rendered":"Nossos Diferenciais"},"content":{"rendered":"\n<p>O IIESAU tem o compromisso de formar profissionais preparados para pensar de forma cr\u00edtica, buscar solu\u00e7\u00f5es para desafios reais e atuar de maneira colaborativa. Para isso, busca constantemente inovar em seus m\u00e9todos e oferecer um ambiente de aprendizagem din\u00e2mico e relevante.<\/p>\n\n\n\n<p>Nosso diferencial est\u00e1 nos pilares que sustentam nossa abordagem educacional:<\/p>\n","protected":false},"excerpt":{"rendered":"<p>O IIESAU tem o compromisso de formar profissionais preparados para pensar de forma cr\u00edtica, buscar solu\u00e7\u00f5es para desafios reais e atuar de maneira colaborativa. Para isso, busca constantemente inovar em seus m\u00e9todos e oferecer um ambiente de aprendizagem din\u00e2mico e relevante. Nosso diferencial est\u00e1 nos pilares que sustentam nossa abordagem educacional:<\/p>\n","protected":false},"author":1,"featured_media":199,"parent":0,"menu_order":0,"comment_status":"closed","ping_status":"closed","template":"","meta":{"_acf_changed":false,"footnotes":""},"class_list":["post-37","page","type-page","status-publish","has-post-thumbnail","hentry"],"acf":[],"_links":{"self":[{"href":"https:\/\/cubecloud.com.br\/iiesau\/wp-json\/wp\/v2\/pages\/37","targetHints":{"allow":["GET"]}}],"collection":[{"href":"https:\/\/cubecloud.com.br\/iiesau\/wp-json\/wp\/v2\/pages"}],"about":[{"href":"https:\/\/cubecloud.com.br\/iiesau\/wp-json\/wp\/v2\/types\/page"}],"author":[{"embeddable":true,"href":"https:\/\/cubecloud.com.br\/iiesau\/wp-json\/wp\/v2\/users\/1"}],"replies":[{"embeddable":true,"href":"https:\/\/cubecloud.com.br\/iiesau\/wp-json\/wp\/v2\/comments?post=37"}],"version-history":[{"count":9,"href":"https:\/\/cubecloud.com.br\/iiesau\/wp-json\/wp\/v2\/pages\/37\/revisions"}],"predecessor-version":[{"id":549,"href":"https:\/\/cubecloud.com.br\/iiesau\/wp-json\/wp\/v2\/pages\/37\/revisions\/549"}],"wp:featuredmedia":[{"embeddable":true,"href":"https:\/\/cubecloud.com.br\/iiesau\/wp-json\/wp\/v2\/media\/199"}],"wp:attachment":[{"href":"https:\/\/cubecloud.com.br\/iiesau\/wp-json\/wp\/v2\/media?parent=37"}],"curies":[{"name":"wp","href":"https:\/\/api.w.org\/{rel}","templated":true}]}}