{"id":316,"date":"2024-11-28T13:46:44","date_gmt":"2024-11-28T16:46:44","guid":{"rendered":"https:\/\/cubecloud.com.br\/iiesau\/?page_id=316"},"modified":"2025-06-05T16:44:32","modified_gmt":"2025-06-05T19:44:32","slug":"home","status":"publish","type":"page","link":"https:\/\/cubecloud.com.br\/iiesau\/","title":{"rendered":"Home"},"content":{"rendered":"\n<div style=\"height:10px\" aria-hidden=\"true\" class=\"wp-block-spacer\"><\/div>\n\n\n\n<div class=\"wp-block-columns is-layout-flex wp-container-core-columns-is-layout-9d6595d7 wp-block-columns-is-layout-flex\">\n<div class=\"wp-block-column borda31 is-layout-flow wp-block-column-is-layout-flow\">\n<p>Bem-vindos ao <strong>IIESAU &#8211; Instituto Internacional de Estudos em Sa\u00fade<\/strong>. <\/p>\n\n\n\n<p>Nosso maior compromisso \u00e9 proporcionar uma experi\u00eancia de aprendizagem que agregue valor \u00e0 forma\u00e7\u00e3o profissional, impulsione a carreira e desenvolva cidad\u00e3os comprometidos com o bem estar social.<\/p>\n<\/div>\n\n\n\n<div class=\"wp-block-column borda31 has-background is-layout-flow wp-block-column-is-layout-flow\" style=\"background-color:#e8e8e8\">\n<figure class=\"wp-block-image size-full\"><img loading=\"lazy\" decoding=\"async\" width=\"60\" height=\"70\" src=\"http:\/\/cubecloud.com.br\/iiesau\/wp-content\/uploads\/2024\/09\/icone-quemsomos-home-desktop.png\" alt=\"\" class=\"wp-image-65\"\/><\/figure>\n\n\n\n<h2 class=\"wp-block-heading has-text-color has-link-color wp-elements-e90ba78c68ec065e728cee6a1ce8f25a\" style=\"color:#00365d\">Quem somos<\/h2>\n\n\n\n<p class=\"has-text-color has-link-color wp-elements-e6bbb4e2f72d6efc88b4b69cb5adac58\" style=\"color:#00365d\">Faculdade credenciada pelo MEC com atua\u00e7\u00e3o na \u00e1rea da sa\u00fade. Fundada por m\u00e9dicos e educadores com uma longa trajet\u00f3ria nessa \u00e1rea, est\u00e1 comprometida com uma experi\u00eancia de aprendizagem \u00edmpar que agregue valor \u00e0 forma\u00e7\u00e3o profissional, impulsione a carreira e desenvolva cidad\u00e3os comprometidos com o bem estar social.<\/p>\n\n\n\n<p class=\"has-text-color has-link-color wp-elements-0a9b44116462c927fb9a1d634b8b89c3\" style=\"color:#00365d\"><a href=\"https:\/\/cubecloud.com.br\/iiesau\/quem-somos\/\" data-type=\"page\" data-id=\"34\">CONFIRA &gt;<\/a><\/p>\n<\/div>\n<\/div>\n\n\n\n<div style=\"height:50px\" aria-hidden=\"true\" class=\"wp-block-spacer\"><\/div>\n\n\n\n<div class=\"wp-block-columns is-layout-flex wp-container-core-columns-is-layout-9d6595d7 wp-block-columns-is-layout-flex\">\n<div class=\"wp-block-column borda31 has-background is-layout-flow wp-block-column-is-layout-flow\" style=\"background-color:#e8e8e8\">\n<figure class=\"wp-block-image size-full\"><img loading=\"lazy\" decoding=\"async\" width=\"91\" height=\"70\" src=\"http:\/\/cubecloud.com.br\/iiesau\/wp-content\/uploads\/2024\/09\/icone-nucleos-home-desktop.png\" alt=\"\" class=\"wp-image-64\"\/><\/figure>\n\n\n\n<h2 class=\"wp-block-heading has-text-color has-link-color wp-elements-f8bac463880947558d29511c45f81977\" style=\"color:#00365d\">Nossos Cursos<\/h2>\n\n\n\n<p class=\"has-text-color has-link-color wp-elements-e84929685899216826294f8d5afe0595\" style=\"color:#00365d\">Desenhados com uma perspectiva inter, multi e transdisciplinar para o desenvolvimento de compet\u00eancias e habilidades para uma carreira de sucesso. Integram ensino, pesquisa e extens\u00e3o de maneira orientada para o campo de trabalho desejado, a voca\u00e7\u00e3o e a auto-realiza\u00e7\u00e3o de cada indiv\u00edduo.<\/p>\n\n\n\n<p class=\"has-text-color has-link-color wp-elements-35593971b50768cffac2db4919803943\" style=\"color:#00365d\"><a href=\"https:\/\/cubecloud.com.br\/iiesau\/cursos\/\" data-type=\"page\" data-id=\"28\">CONFIRA &gt;<\/a><\/p>\n<\/div>\n\n\n\n<div class=\"wp-block-column borda31 has-background is-layout-flow wp-block-column-is-layout-flow\" style=\"background-color:#e8e8e8\">\n<figure class=\"wp-block-image size-full\"><img loading=\"lazy\" decoding=\"async\" width=\"72\" height=\"70\" src=\"http:\/\/cubecloud.com.br\/iiesau\/wp-content\/uploads\/2024\/09\/icone-diferenciais-home-desktop.png\" alt=\"\" class=\"wp-image-66\"\/><\/figure>\n\n\n\n<h2 class=\"wp-block-heading has-text-color has-link-color wp-elements-d0ad5450e0ce81c091df04fe4847551e\" style=\"color:#00365d\">Diferenciais<\/h2>\n\n\n\n<p class=\"has-text-color has-link-color wp-elements-1ec02d74c4026054642d55288eb980fc\" style=\"color:#00365d\">Uma nova e criativa perspectiva de trabalhar as metodologias ativas de aprendizagem, a virtualidade e a internacionalidade.<\/p>\n\n\n\n<p class=\"has-text-color has-link-color wp-elements-e908b5fa6282f46486201285286fccb2\" style=\"color:#00365d\"><a href=\"https:\/\/cubecloud.com.br\/iiesau\/nossos-diferenciais\/\" data-type=\"page\" data-id=\"37\">CONFIRA &gt;<\/a><\/p>\n<\/div>\n<\/div>\n\n\n\n<div style=\"height:50px\" aria-hidden=\"true\" class=\"wp-block-spacer\"><\/div>\n\n\n\n<div class=\"wp-block-columns is-layout-flex wp-container-core-columns-is-layout-9d6595d7 wp-block-columns-is-layout-flex\">\n<div class=\"wp-block-column borda31 has-background is-layout-flow wp-block-column-is-layout-flow\" style=\"background-color:#e8e8e8\">\n<figure class=\"wp-block-image size-full\"><img loading=\"lazy\" decoding=\"async\" width=\"59\" height=\"70\" src=\"http:\/\/cubecloud.com.br\/iiesau\/wp-content\/uploads\/2024\/11\/icone-diagnotiscoimg-desktop.png\" alt=\"\" class=\"wp-image-288\"\/><\/figure>\n\n\n\n<h2 class=\"wp-block-heading has-text-color has-link-color wp-elements-092fd3502029f5177a89f507f633fa4d\" style=\"color:#00365d\">Casos Cl\u00ednicos<\/h2>\n\n\n\n<p class=\"has-text-color has-link-color wp-elements-1b97f23f81da6b64d2a5ccf64b335ec4\" style=\"color:#00365d\">Explore nossa \u00e1rea exclusiva de casos cl\u00ednicos e aprofunde seu conhecimento com experi\u00eancias reais da pr\u00e1tica m\u00e9dica.<\/p>\n\n\n\n<p class=\"has-text-color has-link-color wp-elements-c4198848a557697c45c7d919ed6eddea\" style=\"color:#00365d\"><a href=\"https:\/\/cubecloud.com.br\/iiesau\/caso-clinico\/\" data-type=\"page\" data-id=\"42\">CONFIRA &gt;<\/a><\/p>\n<\/div>\n\n\n\n<div class=\"wp-block-column borda31 has-background is-layout-flow wp-block-column-is-layout-flow\" style=\"background-color:#e8e8e8\">\n<figure class=\"wp-block-image size-full\"><img loading=\"lazy\" decoding=\"async\" width=\"71\" height=\"71\" src=\"http:\/\/cubecloud.com.br\/iiesau\/wp-content\/uploads\/2024\/09\/icone-projetosextensao-desktop.png\" alt=\"\" class=\"wp-image-216\"\/><\/figure>\n\n\n\n<h2 class=\"wp-block-heading has-text-color has-link-color wp-elements-bafd7360b0f8c8c63fa3600d1d9f3727\" style=\"color:#00365d\">Not\u00edcias<\/h2>\n\n\n\n<p class=\"has-text-color has-link-color wp-elements-5a7101dd04a0cdf02e8d31aa4034dc9c\" style=\"color:#00365d\">Acesse nossa se\u00e7\u00e3o de not\u00edcias e fique por dentro das atualiza\u00e7\u00f5es e tend\u00eancias da \u00e1rea da sa\u00fade.<\/p>\n\n\n\n<p class=\"has-text-color has-link-color wp-elements-3bdd4b9047da8c36243b5737789d49df\" style=\"color:#00365d\"><a href=\"https:\/\/cubecloud.com.br\/iiesau\/noticia\/\" data-type=\"page\" data-id=\"46\">CONFIRA &gt;<\/a><\/p>\n<\/div>\n<\/div>\n\n\n\n<div style=\"height:50px\" aria-hidden=\"true\" class=\"wp-block-spacer\"><\/div>\n\n\n\n<div class=\"wp-block-columns is-layout-flex wp-container-core-columns-is-layout-9d6595d7 wp-block-columns-is-layout-flex\">\n<div class=\"wp-block-column borda31 has-background is-layout-flow wp-block-column-is-layout-flow\" style=\"background-color:#e8e8e8\">\n<figure class=\"wp-block-image size-full\"><img loading=\"lazy\" decoding=\"async\" width=\"82\" height=\"70\" src=\"http:\/\/cubecloud.com.br\/iiesau\/wp-content\/uploads\/2024\/09\/icone-solucoescorporativas-home-desktop.png\" alt=\"\" class=\"wp-image-72\"\/><\/figure>\n\n\n\n<h2 class=\"wp-block-heading has-text-color has-link-color wp-elements-3981cae32ea75e05a1f44297c34a123f\" style=\"color:#00365d\">Solu\u00e7\u00f5es corporativas<\/h2>\n\n\n\n<p class=\"has-text-color has-link-color wp-elements-0799e61e75fcf52f27d2dadfa91c9188\" style=\"color:#00365d\">Solu\u00e7\u00f5es para organiza\u00e7\u00f5es p\u00fablicas e privadas comprometidas com o fortalecimento de sua competitividade.<\/p>\n\n\n\n<p class=\"has-text-color has-link-color wp-elements-a4d4fa9a80a80fd4a003272eb0082ea7\" style=\"color:#00365d\"><a href=\"https:\/\/cubecloud.com.br\/iiesau\/solucoes-corporativas\/\" data-type=\"page\" data-id=\"46\">CONFIRA &gt;<\/a><\/p>\n<\/div>\n\n\n\n<div class=\"wp-block-column borda31 has-background is-layout-flow wp-block-column-is-layout-flow\" style=\"background-color:#e8e8e8\">\n<figure class=\"wp-block-image size-full\"><img loading=\"lazy\" decoding=\"async\" width=\"43\" height=\"70\" src=\"http:\/\/cubecloud.com.br\/iiesau\/wp-content\/uploads\/2024\/09\/icone-contato-home-desktop.png\" alt=\"\" class=\"wp-image-75\"\/><\/figure>\n\n\n\n<h2 class=\"wp-block-heading has-text-color has-link-color wp-elements-5f3a0d0fc3469c832aac8212444b685e\" style=\"color:#00365d\">Contato<\/h2>\n\n\n\n<p class=\"has-text-color has-link-color wp-elements-d37de4e82e6423695cddafc6f3bd82af\" style=\"color:#00365d\">Saiba como falar com a gente!<\/p>\n\n\n\n<p class=\"has-text-color has-link-color wp-elements-4a605ef858e01f53037de56cfda32419\" style=\"color:#00365d\"><a href=\"https:\/\/cubecloud.com.br\/iiesau\/contato\/\" data-type=\"page\" data-id=\"74\">CONFIRA &gt;<\/a><\/p>\n<\/div>\n<\/div>\n","protected":false},"excerpt":{"rendered":"<p>Bem-vindos ao IIESAU &#8211; Instituto Internacional de Estudos em Sa\u00fade. Nosso maior compromisso \u00e9 proporcionar uma experi\u00eancia de aprendizagem que agregue valor \u00e0 forma\u00e7\u00e3o profissional, impulsione a carreira e desenvolva cidad\u00e3os comprometidos com o bem estar social. Quem somos Faculdade credenciada pelo MEC com atua\u00e7\u00e3o na \u00e1rea da sa\u00fade. Fundada por m\u00e9dicos e educadores com [&hellip;]<\/p>\n","protected":false},"author":1,"featured_media":0,"parent":0,"menu_order":0,"comment_status":"closed","ping_status":"closed","template":"","meta":{"_acf_changed":false,"footnotes":""},"class_list":["post-316","page","type-page","status-publish","hentry"],"acf":[],"_links":{"self":[{"href":"https:\/\/cubecloud.com.br\/iiesau\/wp-json\/wp\/v2\/pages\/316","targetHints":{"allow":["GET"]}}],"collection":[{"href":"https:\/\/cubecloud.com.br\/iiesau\/wp-json\/wp\/v2\/pages"}],"about":[{"href":"https:\/\/cubecloud.com.br\/iiesau\/wp-json\/wp\/v2\/types\/page"}],"author":[{"embeddable":true,"href":"https:\/\/cubecloud.com.br\/iiesau\/wp-json\/wp\/v2\/users\/1"}],"replies":[{"embeddable":true,"href":"https:\/\/cubecloud.com.br\/iiesau\/wp-json\/wp\/v2\/comments?post=316"}],"version-history":[{"count":20,"href":"https:\/\/cubecloud.com.br\/iiesau\/wp-json\/wp\/v2\/pages\/316\/revisions"}],"predecessor-version":[{"id":700,"href":"https:\/\/cubecloud.com.br\/iiesau\/wp-json\/wp\/v2\/pages\/316\/revisions\/700"}],"wp:attachment":[{"href":"https:\/\/cubecloud.com.br\/iiesau\/wp-json\/wp\/v2\/media?parent=316"}],"curies":[{"name":"wp","href":"https:\/\/api.w.org\/{rel}","templated":true}]}}