{"id":28,"date":"2024-09-09T10:40:06","date_gmt":"2024-09-09T13:40:06","guid":{"rendered":"http:\/\/cubecloud.com.br\/iiesau\/?page_id=28"},"modified":"2025-06-05T12:36:24","modified_gmt":"2025-06-05T15:36:24","slug":"cursos","status":"publish","type":"page","link":"https:\/\/cubecloud.com.br\/iiesau\/cursos\/","title":{"rendered":"Nossos Cursos"},"content":{"rendered":"\n<div class=\"wp-block-columns is-layout-flex wp-container-core-columns-is-layout-9d6595d7 wp-block-columns-is-layout-flex\">\n<div class=\"wp-block-column is-layout-flow wp-block-column-is-layout-flow\">\n<p>Nossa estrutura \u00e9 voltada para a aprendizagem cont\u00ednua e o desenvolvimento de compet\u00eancias essenciais para a atua\u00e7\u00e3o profissional. Coordenamos e integramos diferentes \u00e1reas da sa\u00fade para oferecer trajet\u00f3rias de forma\u00e7\u00e3o alinhadas \u00e0s necessidades do mercado e \u00e0s inova\u00e7\u00f5es do setor.<\/p>\n\n\n\n<p>Parcerias estrat\u00e9gicas com hospitais, cl\u00ednicas e centros de sa\u00fade possibilitam uma forma\u00e7\u00e3o que alia teoria e pr\u00e1tica, preparando os profissionais para atuar em equipes multidisciplinares e enfrentar desafios reais no cuidado com o paciente.<\/p>\n\n\n\n<p>Acreditamos na educa\u00e7\u00e3o continuada, um processo que vai al\u00e9m da forma\u00e7\u00e3o inicial e incentiva a aprendizagem constante. Nossos programas s\u00e3o estruturados para agregar valor ao conhecimento e \u00e0 trajet\u00f3ria profissional, preparando os participantes para os desafios do mercado.<\/p>\n<\/div>\n<\/div>\n\n\n\n<div style=\"height:50px\" aria-hidden=\"true\" class=\"wp-block-spacer\"><\/div>\n\n\n\n<div class=\"wp-block-columns is-layout-flex wp-container-core-columns-is-layout-9d6595d7 wp-block-columns-is-layout-flex\">\n<div class=\"wp-block-column borda31 has-background is-layout-flow wp-block-column-is-layout-flow\" style=\"background-color:#e8e8e8\">\n<figure class=\"wp-block-image size-full\"><img loading=\"lazy\" decoding=\"async\" width=\"59\" height=\"70\" src=\"http:\/\/cubecloud.com.br\/iiesau\/wp-content\/uploads\/2024\/11\/icone-diagnotiscoimg-desktop.png\" alt=\"\" class=\"wp-image-288\"\/><\/figure>\n\n\n\n<h2 class=\"wp-block-heading has-text-color has-link-color wp-elements-95790c3ba9c93611dfdcae9f6eff4bee\" style=\"color:#00365d\">N\u00facleo de Radiologia e Diagn\u00f3stico por Imagem<\/h2>\n\n\n\n<div style=\"height:10px\" aria-hidden=\"true\" class=\"wp-block-spacer\"><\/div>\n\n\n\n<p class=\"has-text-color has-link-color wp-elements-92f97b7130565ec8bba2b811e91b6a07\" style=\"color:#00365d\"><a href=\"https:\/\/cubecloud.com.br\/iiesau\/nucleo\/nucleo-radiologia-e-diagnostico-por-imagem\/\" data-type=\"nucleo\" data-id=\"6\">CONFIRA &gt;<\/a><\/p>\n<\/div>\n\n\n\n<div class=\"wp-block-column borda31 has-background is-layout-flow wp-block-column-is-layout-flow\" style=\"background-color:#e8e8e8\">\n<figure class=\"wp-block-image size-full\"><img loading=\"lazy\" decoding=\"async\" width=\"76\" height=\"71\" src=\"http:\/\/cubecloud.com.br\/iiesau\/wp-content\/uploads\/2024\/11\/icone-gestao-desktop.png\" alt=\"\" class=\"wp-image-293\"\/><\/figure>\n\n\n\n<h2 class=\"wp-block-heading has-text-color has-link-color wp-elements-81060edde9b1f12a51e82f618233866a\" style=\"color:#00365d\">Cursos de Atualiza\u00e7\u00e3o<\/h2>\n\n\n\n<div style=\"height:10px\" aria-hidden=\"true\" class=\"wp-block-spacer\"><\/div>\n\n\n\n<p class=\"has-text-color has-link-color wp-elements-56aa01186a252d3c51baa0e0348aa9c3\" style=\"color:#00365d\"><a href=\"https:\/\/cubecloud.com.br\/iiesau\/nucleo\/cursos-de-atualizacao\/\" data-type=\"nucleo\" data-id=\"4\">CONFIRA &gt;<\/a><\/p>\n<\/div>\n<\/div>\n\n\n\n<p><\/p>\n\n\n\n<p><\/p>\n","protected":false},"excerpt":{"rendered":"<p>Nossa estrutura \u00e9 voltada para a aprendizagem cont\u00ednua e o desenvolvimento de compet\u00eancias essenciais para a atua\u00e7\u00e3o profissional. Coordenamos e integramos diferentes \u00e1reas da sa\u00fade para oferecer trajet\u00f3rias de forma\u00e7\u00e3o alinhadas \u00e0s necessidades do mercado e \u00e0s inova\u00e7\u00f5es do setor. Parcerias estrat\u00e9gicas com hospitais, cl\u00ednicas e centros de sa\u00fade possibilitam uma forma\u00e7\u00e3o que alia teoria [&hellip;]<\/p>\n","protected":false},"author":1,"featured_media":286,"parent":0,"menu_order":0,"comment_status":"closed","ping_status":"closed","template":"","meta":{"_acf_changed":false,"footnotes":""},"class_list":["post-28","page","type-page","status-publish","has-post-thumbnail","hentry"],"acf":[],"_links":{"self":[{"href":"https:\/\/cubecloud.com.br\/iiesau\/wp-json\/wp\/v2\/pages\/28","targetHints":{"allow":["GET"]}}],"collection":[{"href":"https:\/\/cubecloud.com.br\/iiesau\/wp-json\/wp\/v2\/pages"}],"about":[{"href":"https:\/\/cubecloud.com.br\/iiesau\/wp-json\/wp\/v2\/types\/page"}],"author":[{"embeddable":true,"href":"https:\/\/cubecloud.com.br\/iiesau\/wp-json\/wp\/v2\/users\/1"}],"replies":[{"embeddable":true,"href":"https:\/\/cubecloud.com.br\/iiesau\/wp-json\/wp\/v2\/comments?post=28"}],"version-history":[{"count":40,"href":"https:\/\/cubecloud.com.br\/iiesau\/wp-json\/wp\/v2\/pages\/28\/revisions"}],"predecessor-version":[{"id":659,"href":"https:\/\/cubecloud.com.br\/iiesau\/wp-json\/wp\/v2\/pages\/28\/revisions\/659"}],"wp:featuredmedia":[{"embeddable":true,"href":"https:\/\/cubecloud.com.br\/iiesau\/wp-json\/wp\/v2\/media\/286"}],"wp:attachment":[{"href":"https:\/\/cubecloud.com.br\/iiesau\/wp-json\/wp\/v2\/media?parent=28"}],"curies":[{"name":"wp","href":"https:\/\/api.w.org\/{rel}","templated":true}]}}