{"id":265,"date":"2024-11-27T00:20:29","date_gmt":"2024-11-27T03:20:29","guid":{"rendered":"http:\/\/cubecloud.com.br\/iiesau\/?page_id=265"},"modified":"2025-06-04T16:53:23","modified_gmt":"2025-06-04T19:53:23","slug":"perguntas-frequentes","status":"publish","type":"page","link":"https:\/\/cubecloud.com.br\/iiesau\/perguntas-frequentes\/","title":{"rendered":"Perguntas frequentes"},"content":{"rendered":"\n<h2 class=\"wp-block-heading\">Cursos de Gradua\u00e7\u00e3o<\/h2>\n\n\n\n<h3 class=\"wp-block-heading\">Os cursos de gradua\u00e7\u00e3o do IIESAU s\u00e3o presenciais?<\/h3>\n\n\n\n<div class=\"wp-block-columns has-background is-layout-flex wp-container-core-columns-is-layout-9d6595d7 wp-block-columns-is-layout-flex\" style=\"background-color:#ececec\">\n<div class=\"wp-block-column is-layout-flow wp-block-column-is-layout-flow\">\n<p>Sim, nossos cursos de gradua\u00e7\u00e3o s\u00e3o 100% presenciais. No IIESAU, acreditamos que a forma\u00e7\u00e3o de excel\u00eancia vai muito al\u00e9m da sala de aula: ela nasce da viv\u00eancia pr\u00e1tica, do contato humano e da troca de experi\u00eancias. Por isso, nosso compromisso \u00e9 oferecer uma experi\u00eancia de aprendizado transformadora, que agrega valor \u00e0 sua forma\u00e7\u00e3o, impulsiona sua carreira e desenvolve profissionais qualificados e cidad\u00e3os comprometidos com o bem-estar social.<br>Na \u00e1rea da sa\u00fade, as atividades pr\u00e1ticas s\u00e3o indispens\u00e1veis para preparar voc\u00ea para os desafios reais do dia a dia da profiss\u00e3o, capacitando-o a tomar decis\u00f5es com senso cr\u00edtico, empatia e confian\u00e7a.<\/p>\n<\/div>\n<\/div>\n\n\n\n<h3 class=\"wp-block-heading\">O que diferencia a gradua\u00e7\u00e3o do tecn\u00f3logo?<\/h3>\n\n\n\n<div class=\"wp-block-columns has-background is-layout-flex wp-container-core-columns-is-layout-9d6595d7 wp-block-columns-is-layout-flex\" style=\"background-color:#ececec\">\n<div class=\"wp-block-column is-layout-flow wp-block-column-is-layout-flow\">\n<p>A gradua\u00e7\u00e3o oferece uma forma\u00e7\u00e3o mais generalista e abrangente, enquanto o tecn\u00f3logo proporciona uma forma\u00e7\u00e3o espec\u00edfica e r\u00e1pida para o mercado de trabalho.<\/p>\n<\/div>\n<\/div>\n\n\n\n<h3 class=\"wp-block-heading\">Qual curso escolher: gradua\u00e7\u00e3o ou tecn\u00f3logo?<\/h3>\n\n\n\n<div class=\"wp-block-columns has-background is-layout-flex wp-container-core-columns-is-layout-9d6595d7 wp-block-columns-is-layout-flex\" style=\"background-color:#ececec\">\n<div class=\"wp-block-column is-layout-flow wp-block-column-is-layout-flow\">\n<p>A escolha depende do seu objetivo profissional. Se voc\u00ea busca uma forma\u00e7\u00e3o ampla e quer explorar diversas \u00e1reas, a gradua\u00e7\u00e3o \u00e9 mais indicada. Se voc\u00ea busca uma forma\u00e7\u00e3o r\u00e1pida e direcionada para uma \u00e1rea espec\u00edfica, o tecn\u00f3logo \u00e9 a melhor op\u00e7\u00e3o.<\/p>\n<\/div>\n<\/div>\n\n\n\n<h3 class=\"wp-block-heading\">Existe algum desconto ou bolsa para os cursos de gradua\u00e7\u00e3o?<\/h3>\n\n\n\n<div class=\"wp-block-columns has-background is-layout-flex wp-container-core-columns-is-layout-9d6595d7 wp-block-columns-is-layout-flex\" style=\"background-color:#ececec\">\n<div class=\"wp-block-column is-layout-flow wp-block-column-is-layout-flow\">\n<p>Sim, elaboramos uma Pol\u00edtica de Financiamento Estudantil e Descontos Comerciais com a finalidade de viabilizar o acesso e a perman\u00eancia do aluno em seus cursos de educa\u00e7\u00e3o superior, assim como atrair e valorizar estudantes comprometidos com sua educa\u00e7\u00e3o continuada e o bem estar da popula\u00e7\u00e3o.&nbsp;Acesse o link para visualizar a pol\u00edtica de bolsas:&nbsp;<a href=\"https:\/\/www.iiesau.edu.br\/conexao-social\/programa-de-financiamento-e-bolsas\/\">https:\/\/www.iiesau.edu.br\/conexao-social\/programa-de-financiamento-e-bolsas\/<\/a><\/p>\n<\/div>\n<\/div>\n\n\n\n<h3 class=\"wp-block-heading\">Como fa\u00e7o para solicitar meu pedido de bolsa?<\/h3>\n\n\n\n<div class=\"wp-block-columns has-background is-layout-flex wp-container-core-columns-is-layout-9d6595d7 wp-block-columns-is-layout-flex\" style=\"background-color:#ececec\">\n<div class=\"wp-block-column is-layout-flow wp-block-column-is-layout-flow\">\n<p>O(a) candidato(a) deve realizar o processo de sele\u00e7\u00e3o para a gradua\u00e7\u00e3o normalmente, optando por uma das 2(duas) op\u00e7\u00f5es que oferecemos atualmente: prova agendada ou ingresso via nota do ENEM.<\/p>\n\n\n\n<p>Ap\u00f3s a sua aprova\u00e7\u00e3o, caso tenha interesse, o requerimento de bolsa dever\u00e1 ser encaminhado para a Secretaria Acad\u00eamica atrav\u00e9s do E-mail: secretaria@iiesau.ed.br. O(a) candidato(a) dever\u00e1 preencher pelo menos um dos requisitos listados na Pol\u00edtica de Bolsas de Estudos e Descontos Comerciais.<\/p>\n\n\n\n<p>O IIESAU analisar\u00e1 a sua documenta\u00e7\u00e3o e a resposta sobre o valor do desconto sai em at\u00e9 5 dias \u00fateis ap\u00f3s o recebimento da documenta\u00e7\u00e3o.<\/p>\n<\/div>\n<\/div>\n\n\n\n<h2 class=\"wp-block-heading\">Tecn\u00f3logo em Radiologia<\/h2>\n\n\n\n<h3 class=\"wp-block-heading\">Tenho forma\u00e7\u00e3o de T\u00e9cnico em Radiologia. Consigo aproveitar disciplinas no Tecn\u00f3logo?<\/h3>\n\n\n\n<div class=\"wp-block-columns has-background is-layout-flex wp-container-core-columns-is-layout-9d6595d7 wp-block-columns-is-layout-flex\" style=\"background-color:#ececec\">\n<div class=\"wp-block-column is-layout-flow wp-block-column-is-layout-flow\">\n<p>N\u00e3o, pois n\u00e3o \u00e9 permitido realizar o aproveitamento de disciplinas entre diferentes n\u00edveis de ensino. Mas temos uma diretriz pedag\u00f3gica que possibilita que o aluno realize projetos, participe de tutorias, dentre outras atividades no lugar do conte\u00fado das disciplinas com base no conte\u00fado j\u00e1 cursado e habilidades e conhecimentos adquiridos no n\u00edvel t\u00e9cnico.<\/p>\n<\/div>\n<\/div>\n\n\n\n<h3 class=\"wp-block-heading\">Qual a diferen\u00e7a entre o profissional formado em Sistemas Biom\u00e9dicos e o Biom\u00e9dico?<\/h3>\n\n\n\n<div class=\"wp-block-columns has-background is-layout-flex wp-container-core-columns-is-layout-9d6595d7 wp-block-columns-is-layout-flex\" style=\"background-color:#ececec\">\n<div class=\"wp-block-column is-layout-flow wp-block-column-is-layout-flow\">\n<p>O profissional formado em Sistemas biom\u00e9dicos est\u00e1 relacionado a equipamentos e radiodiagn\u00f3stico. A atua\u00e7\u00e3o est\u00e1 voltada para a engenharia cl\u00ednica.&nbsp;J\u00e1 a biomedicina \u00e9 uma \u00e1rea de diferentes campos de atua\u00e7\u00e3o, desde a \u00e1rea de an\u00e1lises cl\u00ednicas, pesquisa, gen\u00e9tica, administra\u00e7\u00e3o, diagn\u00f3stico por imagem, dentre outros.<\/p>\n<\/div>\n<\/div>\n\n\n\n<p><\/p>\n","protected":false},"excerpt":{"rendered":"<p>Cursos de Gradua\u00e7\u00e3o Os cursos de gradua\u00e7\u00e3o do IIESAU s\u00e3o presenciais? Sim, nossos cursos de gradua\u00e7\u00e3o s\u00e3o 100% presenciais. No IIESAU, acreditamos que a forma\u00e7\u00e3o de excel\u00eancia vai muito al\u00e9m da sala de aula: ela nasce da viv\u00eancia pr\u00e1tica, do contato humano e da troca de experi\u00eancias. Por isso, nosso compromisso \u00e9 oferecer uma experi\u00eancia [&hellip;]<\/p>\n","protected":false},"author":1,"featured_media":268,"parent":0,"menu_order":0,"comment_status":"closed","ping_status":"closed","template":"template-modelofullfaq.php","meta":{"_acf_changed":false,"footnotes":""},"class_list":["post-265","page","type-page","status-publish","has-post-thumbnail","hentry"],"acf":[],"_links":{"self":[{"href":"https:\/\/cubecloud.com.br\/iiesau\/wp-json\/wp\/v2\/pages\/265","targetHints":{"allow":["GET"]}}],"collection":[{"href":"https:\/\/cubecloud.com.br\/iiesau\/wp-json\/wp\/v2\/pages"}],"about":[{"href":"https:\/\/cubecloud.com.br\/iiesau\/wp-json\/wp\/v2\/types\/page"}],"author":[{"embeddable":true,"href":"https:\/\/cubecloud.com.br\/iiesau\/wp-json\/wp\/v2\/users\/1"}],"replies":[{"embeddable":true,"href":"https:\/\/cubecloud.com.br\/iiesau\/wp-json\/wp\/v2\/comments?post=265"}],"version-history":[{"count":19,"href":"https:\/\/cubecloud.com.br\/iiesau\/wp-json\/wp\/v2\/pages\/265\/revisions"}],"predecessor-version":[{"id":642,"href":"https:\/\/cubecloud.com.br\/iiesau\/wp-json\/wp\/v2\/pages\/265\/revisions\/642"}],"wp:featuredmedia":[{"embeddable":true,"href":"https:\/\/cubecloud.com.br\/iiesau\/wp-json\/wp\/v2\/media\/268"}],"wp:attachment":[{"href":"https:\/\/cubecloud.com.br\/iiesau\/wp-json\/wp\/v2\/media?parent=265"}],"curies":[{"name":"wp","href":"https:\/\/api.w.org\/{rel}","templated":true}]}}